{"id":481,"date":"2024-05-21T07:26:23","date_gmt":"2024-05-21T07:26:23","guid":{"rendered":"https:\/\/pruebawebym2024.live-website.com\/?page_id=481"},"modified":"2024-08-26T13:51:33","modified_gmt":"2024-08-26T13:51:33","slug":"avis-juridique","status":"publish","type":"page","link":"https:\/\/ympackaging.com\/fr\/aviso-legal\/","title":{"rendered":"Avis juridique"},"content":{"rendered":"<div data-elementor-type=\"wp-page\" data-elementor-id=\"481\" class=\"elementor elementor-481\">\n\t\t\t\t\t\t<section class=\"elementor-section elementor-top-section elementor-element elementor-element-7143f4f5 elementor-section-boxed elementor-section-height-default elementor-section-height-default wpr-particle-no wpr-jarallax-no wpr-parallax-no wpr-sticky-section-no\" data-id=\"7143f4f5\" data-element_type=\"section\" data-e-type=\"section\">\n\t\t\t\t\t\t<div class=\"elementor-container elementor-column-gap-default\">\n\t\t\t\t\t<div class=\"elementor-column elementor-col-100 elementor-top-column elementor-element elementor-element-158c847b\" data-id=\"158c847b\" data-element_type=\"column\" data-e-type=\"column\">\n\t\t\t<div class=\"elementor-widget-wrap elementor-element-populated\">\n\t\t\t\t\t\t<div class=\"elementor-element elementor-element-44f8875 elementor-widget elementor-widget-heading\" data-id=\"44f8875\" data-element_type=\"widget\" data-e-type=\"widget\" data-widget_type=\"heading.default\">\n\t\t\t\t<div class=\"elementor-widget-container\">\n\t\t\t\t\t<h1 class=\"elementor-heading-title elementor-size-default\">Avis juridique<\/h1>\t\t\t\t<\/div>\n\t\t\t\t<\/div>\n\t\t\t\t<div class=\"elementor-element elementor-element-1b60de7 elementor-widget-divider--view-line elementor-widget elementor-widget-divider\" data-id=\"1b60de7\" data-element_type=\"widget\" data-e-type=\"widget\" data-widget_type=\"divider.default\">\n\t\t\t\t<div class=\"elementor-widget-container\">\n\t\t\t\t\t\t\t<div class=\"elementor-divider\">\n\t\t\t<span class=\"elementor-divider-separator\">\n\t\t\t\t\t\t<\/span>\n\t\t<\/div>\n\t\t\t\t\t\t<\/div>\n\t\t\t\t<\/div>\n\t\t\t\t<div class=\"elementor-element elementor-element-6d9d09a elementor-widget elementor-widget-text-editor\" data-id=\"6d9d09a\" data-element_type=\"widget\" data-e-type=\"widget\" data-widget_type=\"text-editor.default\">\n\t\t\t\t<div class=\"elementor-widget-container\">\n\t\t\t\t\t\t\t\t\t<div class=\"wpb_text_column wpb_content_element\"><div class=\"wpb_wrapper\"><p class=\"ng-binding\">1. DONN\u00c9ES D'IDENTIFICATION<\/p><p class=\"ng-binding\">Nom de domaine : www.ympackaging.com<br \/>Nom commercial : YM PACKAGING GROUP, S.L.<br \/>Nom de l'entreprise : YM PACKAGING GROUP, S.L.<br \/>NUM\u00c9RO DE TVA : B54811609<br \/>Si\u00e8ge social : C\/ SANTUARIO DE LA LUZ 5 , 03290 ELCHE (ALICANTE)<br \/>T\u00e9l\u00e9phone : 966624003<br \/>e-mail : ympackaging@ympackaging.com<br \/>Inscription au registre (marchand \/ public) : inscrit au registre marchand d'Alicante, volume 3807, folio 37, page A-141855, 1er num\u00e9ro d'inscription B54816609.<\/p><p>\u00a0<\/p><p><strong>2. DROITS DE PROPRI\u00c9T\u00c9 INTELLECTUELLE ET INDUSTRIELLE<\/strong><\/p><p class=\"ng-binding\">Le site web, y compris, mais sans s'y limiter, sa programmation, son \u00e9dition, sa compilation et les autres \u00e9l\u00e9ments n\u00e9cessaires \u00e0 son fonctionnement, les dessins, les logos, les textes et\/ou les graphiques, sont la propri\u00e9t\u00e9 du RESPONSABLE ou, le cas \u00e9ch\u00e9ant, font l'objet d'une licence ou d'une autorisation expresse de la part des auteurs. Tous les contenus du site web sont d\u00fbment prot\u00e9g\u00e9s par la r\u00e9glementation en mati\u00e8re de propri\u00e9t\u00e9 intellectuelle et industrielle, et sont inscrits dans les registres publics correspondants.<br \/>Quelle que soit la finalit\u00e9 poursuivie, la reproduction, l'utilisation, l'exploitation, la distribution et la commercialisation, totales ou partielles, n\u00e9cessitent dans tous les cas l'autorisation \u00e9crite pr\u00e9alable du RESPONSABLE. Toute utilisation non pr\u00e9alablement autoris\u00e9e est consid\u00e9r\u00e9e comme une violation grave des droits de propri\u00e9t\u00e9 intellectuelle ou industrielle de l'auteur.<br \/>Les dessins, logos, textes et\/ou graphiques qui n'appartiennent pas au RESPONSABLE et qui peuvent appara\u00eetre sur le site web appartiennent \u00e0 leurs propri\u00e9taires respectifs, qui sont eux-m\u00eames responsables de toute controverse \u00e9ventuelle \u00e0 leur sujet. Le RESPONSABLE autorise express\u00e9ment les tiers \u00e0 rediriger directement vers les contenus sp\u00e9cifiques du site, et dans tous les cas \u00e0 rediriger vers le site principal www.ympackaging.com.<br \/>Le RESPONSABLE reconna\u00eet les droits de propri\u00e9t\u00e9 intellectuelle et industrielle correspondants en faveur de leurs propri\u00e9taires, et leur simple mention ou apparition sur le site web n'implique l'existence d'aucun droit ou responsabilit\u00e9 de quelque nature que ce soit \u00e0 leur \u00e9gard, ni aucune approbation, parrainage ou recommandation de leur part.<\/p><p>Si vous souhaitez faire des commentaires sur d'\u00e9ventuelles violations des droits de propri\u00e9t\u00e9 intellectuelle ou industrielle, ou sur l'un des contenus du site web, vous pouvez le faire en envoyant un courrier \u00e9lectronique \u00e0 ympackaging.com@ympackaging.com.<\/p><p>\u00a0<\/p><p><strong>3. EXON\u00c9RATION DE RESPONSABILIT\u00c9<\/strong><\/p><p>Le RESPONSABLE d\u00e9cline toute responsabilit\u00e9 pour les informations publi\u00e9es sur son site web si ces informations ont \u00e9t\u00e9 manipul\u00e9es ou introduites par un tiers ext\u00e9rieur \u00e0 celui-ci.<\/p><p>\u00a0<\/p><p><strong>Cookies<\/strong><\/p><p class=\"ng-binding\">L'utilisateur a la possibilit\u00e9 de configurer son navigateur pour \u00eatre alert\u00e9 de la r\u00e9ception de cookies et pour emp\u00eacher leur installation sur son \u00e9quipement. Pour plus d'informations sur la mani\u00e8re de les configurer, veuillez vous r\u00e9f\u00e9rer aux instructions figurant sur le site web du RESPONSABLE.<\/p><h3>\u00a0<\/h3><p><strong>Politique de liaison<\/strong><\/p><p class=\"ng-binding\">\u00c0 partir du site web, il est possible que vous soyez redirig\u00e9 vers le contenu de sites web de tiers. \u00c9tant donn\u00e9 que le RESPONSABLE ne peut pas toujours contr\u00f4ler le contenu affich\u00e9 par des tiers sur leurs sites web, il ne lui est pas possible de contr\u00f4ler le contenu de ces sites web.<br \/>L'entreprise n'assume aucune responsabilit\u00e9 quant \u00e0 ces contenus. En tout \u00e9tat de cause, elle retirera imm\u00e9diatement tout contenu susceptible de contrevenir \u00e0 la l\u00e9gislation nationale ou internationale, \u00e0 la morale ou \u00e0 l'ordre public, en proc\u00e9dant au retrait imm\u00e9diat de la redirection vers ledit site web, en informant les autorit\u00e9s comp\u00e9tentes du contenu en question.<br \/>Le RESPONSABLE n'est pas responsable des informations et des contenus stock\u00e9s, y compris, mais sans s'y limiter, dans les forums, les chats, les g\u00e9n\u00e9rateurs de blogs, les commentaires, les r\u00e9seaux sociaux ou tout autre support permettant \u00e0 des tiers de publier des contenus de mani\u00e8re ind\u00e9pendante sur le site web du RESPONSABLE. Toutefois, et conform\u00e9ment aux dispositions des articles 11 et 16 de la LSSICE, il se met \u00e0 la disposition de tous les utilisateurs, autorit\u00e9s et forces de s\u00e9curit\u00e9, en collaborant activement au retrait ou, le cas \u00e9ch\u00e9ant, au blocage de tous les contenus susceptibles d'affecter ou de contrevenir \u00e0 la l\u00e9gislation nationale ou internationale, aux droits des tiers ou \u00e0 la morale et \u00e0 l'ordre public. Si l'utilisateur consid\u00e8re qu'il existe sur le site un contenu susceptible d'\u00eatre class\u00e9 dans cette cat\u00e9gorie, il est pri\u00e9 d'en informer imm\u00e9diatement l'administrateur du site.<br \/>Ce site web a \u00e9t\u00e9 contr\u00f4l\u00e9 et test\u00e9 afin de garantir son bon fonctionnement. En principe, son bon fonctionnement peut \u00eatre garanti 365 jours par an et 24 heures par jour. Toutefois, le RESPONSABLE n'exclut pas la possibilit\u00e9 de certaines erreurs de programmation ou la survenance de cas de force majeure, de catastrophes naturelles, de gr\u00e8ves ou de circonstances similaires rendant impossible l'acc\u00e8s au site web.<\/p><h3>\u00a0<\/h3><p><strong>Adresses IP<\/strong><\/p><p class=\"ng-binding\">Les serveurs du site web pourront d\u00e9tecter automatiquement l'adresse IP et le nom de domaine utilis\u00e9s par l'utilisateur. L'adresse IP est un num\u00e9ro attribu\u00e9 automatiquement \u00e0 un ordinateur lorsqu'il se connecte \u00e0 Internet. Toutes ces informations sont enregistr\u00e9es dans un fichier d'activit\u00e9 du serveur d\u00fbment enregistr\u00e9 qui permet le traitement ult\u00e9rieur des donn\u00e9es afin d'obtenir des mesures purement statistiques permettant de conna\u00eetre le nombre d'impressions de pages, le nombre de visites effectu\u00e9es sur les serveurs web, l'ordre des visites, le point d'acc\u00e8s, etc.<\/p><p>\u00a0<\/p><p><strong>4. DROIT APPLICABLE ET JURIDICTION<\/strong><\/p><p>Pour la r\u00e9solution de tous les litiges ou questions li\u00e9s \u00e0 ce site web ou aux activit\u00e9s qui y sont r\u00e9alis\u00e9es, c'est la l\u00e9gislation espagnole qui s'applique, \u00e0 laquelle les parties se soumettent express\u00e9ment, et les Cours et Tribunaux les plus proches d'ELCHE sont comp\u00e9tents pour la r\u00e9solution de tous les litiges d\u00e9coulant de son utilisation ou li\u00e9s \u00e0 celle-ci.<\/p><\/div><\/div>\t\t\t\t\t\t\t\t<\/div>\n\t\t\t\t<\/div>\n\t\t\t\t\t<\/div>\n\t\t<\/div>\n\t\t\t\t\t<\/div>\n\t\t<\/section>\n\t\t\t\t<\/div>","protected":false},"excerpt":{"rendered":"<p>Avis l\u00e9gal 1. DONN\u00c9ES D'IDENTIFICATION Nom de domaine : www.ympackaging.comNombre commercial : YM PACKAGING GROUP, S.L.Nom de l'entreprise : YM PACKAGING GROUP, S.L.NIF : B54811609Adresse de la soci\u00e9t\u00e9 : C\/ SANTUARIO DE LA LUZ 5 , 03290 ELCHE (ALICANTE)T\u00e9l\u00e9phone : 966624003e-mail : ympackaging@ympackaging.comInscrita au registre (commercial \/ public) : Inscrit au registre du commerce d'Alicante, volume 3807, folio 37, feuille A-141855 1\u00e8re inscription cif B54816609 2. DROITS DE PROPRI\u00c9T\u00c9 INTELLECTUELLE ET INDUSTRIELLE Le site Web, y compris, mais sans s'y limiter, sa programmation, son \u00e9dition, sa compilation et les autres \u00e9l\u00e9ments n\u00e9cessaires \u00e0 son fonctionnement, les dessins, les logos, les textes et\/ou les graphiques, sont la propri\u00e9t\u00e9 du RESPONSABLE ou, le cas \u00e9ch\u00e9ant, font l'objet d'une licence ou d'une autorisation expresse de la part des auteurs. Tous les contenus du site Web sont d\u00fbment prot\u00e9g\u00e9s par la r\u00e9glementation sur la propri\u00e9t\u00e9 intellectuelle et industrielle, ainsi qu'inscrits dans les registres publics correspondants, quelle que soit la finalit\u00e9 \u00e0 laquelle ils sont destin\u00e9s, la reproduction, l'utilisation, l'exploitation, la distribution et la commercialisation, totales ou partielles, n\u00e9cessitant dans tous les cas l'autorisation \u00e9crite pr\u00e9alable de la PARTIE RESPONSABLE. Toute utilisation non autoris\u00e9e au pr\u00e9alable est consid\u00e9r\u00e9e comme une violation grave des droits de propri\u00e9t\u00e9 intellectuelle ou industrielle de l'auteur. Les dessins, logos, textes et\/ou graphiques qui n'appartiennent pas au RESPONSABLE et qui peuvent appara\u00eetre sur le site web appartiennent \u00e0 leurs propri\u00e9taires respectifs, et ces derniers sont eux-m\u00eames responsables de toute controverse \u00e9ventuelle qui pourrait survenir \u00e0 leur sujet. Le RESPONSABLE autorise express\u00e9ment les tiers \u00e0 rediriger directement vers les contenus sp\u00e9cifiques du site, et dans tous les cas \u00e0 rediriger vers le site principal de www.ympackaging.com.El. Le RESPONSABLE reconna\u00eet les droits de propri\u00e9t\u00e9 intellectuelle et industrielle correspondants en faveur de leurs propri\u00e9taires, et leur simple mention ou apparition sur le site n'implique l'existence d'aucun droit ou responsabilit\u00e9 \u00e0 leur \u00e9gard, ni aucune approbation, parrainage ou recommandation de la part du RESPONSABLE. Pour formuler tout type d'observation concernant d'\u00e9ventuelles violations des droits de propri\u00e9t\u00e9 intellectuelle ou industrielle, ainsi que tout contenu du site Web, vous pouvez le faire en envoyant un courrier \u00e9lectronique \u00e0 ympackaging.com@ympackaging.com. 3. EXON\u00c9RATION DE RESPONSABILIT\u00c9 Le RESPONSABLE d\u00e9cline tout type de responsabilit\u00e9 d\u00e9coulant de l'information publi\u00e9e sur son site Web, \u00e0 condition que cette information ait \u00e9t\u00e9 manipul\u00e9e ou introduite par un tiers non li\u00e9 \u00e0 ce dernier.   Cookies L'utilisateur a la possibilit\u00e9 de configurer son navigateur pour \u00eatre alert\u00e9 de la r\u00e9ception de cookies et pour emp\u00eacher leur installation sur son \u00e9quipement. Veuillez consulter les instructions sur le site web du RESPONSABLE pour plus d'informations sur la mani\u00e8re de les configurer.   Politique de liens A partir du site, vous pouvez \u00eatre redirig\u00e9 vers des contenus de sites tiers. \u00c9tant donn\u00e9 que le RESPONSABLE ne peut pas toujours contr\u00f4ler le contenu des tiers sur leurs sites web respectifs, il n'assume aucune responsabilit\u00e9 pour ce contenu. Dans tous les cas, il proc\u00e9dera au retrait imm\u00e9diat de tout contenu qui pourrait contrevenir \u00e0 la l\u00e9gislation nationale ou internationale, \u00e0 la morale ou \u00e0 l'ordre public, en proc\u00e9dant au retrait imm\u00e9diat de la redirection vers ledit site web, en informant les autorit\u00e9s comp\u00e9tentes du contenu en question.Le RESPONSABLE n'est pas responsable des informations et des contenus stock\u00e9s, y compris, mais sans s'y limiter, dans les forums, les chats, les g\u00e9n\u00e9rateurs de blogs, les commentaires, les r\u00e9seaux sociaux ou tout autre support qui permet \u00e0 des tiers de publier des contenus de mani\u00e8re ind\u00e9pendante sur le site web du RESPONSABLE. Toutefois, et conform\u00e9ment aux dispositions des articles 11 et 16 de la LSSICE, il se met \u00e0 la disposition de tous les utilisateurs, autorit\u00e9s et forces de s\u00e9curit\u00e9, en collaborant activement au retrait ou, le cas \u00e9ch\u00e9ant, au blocage de tous les contenus susceptibles d'affecter ou de contrevenir \u00e0 la l\u00e9gislation nationale ou internationale, aux droits des tiers ou \u00e0 la morale et \u00e0 l'ordre public. Si l'utilisateur consid\u00e8re qu'il existe sur le site un contenu susceptible d'\u00eatre class\u00e9 dans cette cat\u00e9gorie, il est pri\u00e9 d'en informer imm\u00e9diatement l'administrateur du site. Ce site a \u00e9t\u00e9 v\u00e9rifi\u00e9 et test\u00e9 pour en assurer le bon fonctionnement. En principe, son bon fonctionnement peut \u00eatre garanti 365 jours par an et 24 heures par jour. Toutefois, le RESPONSABLE n'exclut pas la possibilit\u00e9 de certaines erreurs de programmation, ni la survenance de cas de force majeure, de catastrophes naturelles, de gr\u00e8ves ou de circonstances similaires rendant l'acc\u00e8s au site impossible.   Adresses IP Les serveurs du site peuvent d\u00e9tecter automatiquement l'adresse IP et le nom de domaine utilis\u00e9s par l'utilisateur. Une adresse IP est un num\u00e9ro automatiquement attribu\u00e9 \u00e0 un ordinateur lorsqu'il se connecte \u00e0 Internet. Toutes ces informations sont enregistr\u00e9es dans un fichier d'activit\u00e9 du serveur d\u00fbment enregistr\u00e9 qui permet le traitement ult\u00e9rieur des donn\u00e9es afin d'obtenir des mesures purement statistiques permettant de conna\u00eetre le nombre d'impressions de pages, le nombre de visites effectu\u00e9es sur les serveurs web, l'ordre des visites, le point d'acc\u00e8s, etc.   4) LOI APPLICABLE ET JURIDICTION Pour la r\u00e9solution de tous les litiges ou questions li\u00e9s \u00e0 ce site web ou aux activit\u00e9s qui y sont r\u00e9alis\u00e9es, la loi espagnole, \u00e0 laquelle les parties se soumettent express\u00e9ment, est applicable et les tribunaux les plus proches d'ELCHE sont comp\u00e9tents pour la r\u00e9solution de tous les litiges d\u00e9coulant de son utilisation ou li\u00e9s \u00e0 celle-ci.<\/p>","protected":false},"author":11,"featured_media":0,"parent":0,"menu_order":0,"comment_status":"closed","ping_status":"closed","template":"","meta":{"_seopress_robots_primary_cat":"","_seopress_titles_title":"","_seopress_titles_desc":"","_seopress_robots_index":"","footnotes":""},"categories":[22],"tags":[],"class_list":["post-481","page","type-page","status-publish","hentry","category-generales-ym"],"_links":{"self":[{"href":"https:\/\/ympackaging.com\/fr\/wp-json\/wp\/v2\/pages\/481","targetHints":{"allow":["GET"]}}],"collection":[{"href":"https:\/\/ympackaging.com\/fr\/wp-json\/wp\/v2\/pages"}],"about":[{"href":"https:\/\/ympackaging.com\/fr\/wp-json\/wp\/v2\/types\/page"}],"author":[{"embeddable":true,"href":"https:\/\/ympackaging.com\/fr\/wp-json\/wp\/v2\/users\/11"}],"replies":[{"embeddable":true,"href":"https:\/\/ympackaging.com\/fr\/wp-json\/wp\/v2\/comments?post=481"}],"version-history":[{"count":7,"href":"https:\/\/ympackaging.com\/fr\/wp-json\/wp\/v2\/pages\/481\/revisions"}],"predecessor-version":[{"id":3720,"href":"https:\/\/ympackaging.com\/fr\/wp-json\/wp\/v2\/pages\/481\/revisions\/3720"}],"wp:attachment":[{"href":"https:\/\/ympackaging.com\/fr\/wp-json\/wp\/v2\/media?parent=481"}],"wp:term":[{"taxonomy":"category","embeddable":true,"href":"https:\/\/ympackaging.com\/fr\/wp-json\/wp\/v2\/categories?post=481"},{"taxonomy":"post_tag","embeddable":true,"href":"https:\/\/ympackaging.com\/fr\/wp-json\/wp\/v2\/tags?post=481"}],"curies":[{"name":"wp","href":"https:\/\/api.w.org\/{rel}","templated":true}]}}